{"id":2777,"date":"2022-07-10T16:43:39","date_gmt":"2022-07-10T16:43:39","guid":{"rendered":"https:\/\/aliancasocial.org\/?page_id=2777"},"modified":"2024-04-11T13:57:23","modified_gmt":"2024-04-11T16:57:23","slug":"canal-confidencial","status":"publish","type":"page","link":"https:\/\/aliancasocial.org\/en\/transparencia\/canal-confidencial\/","title":{"rendered":"Confidential Channel"},"content":{"rendered":"\t\t<div data-elementor-type=\"wp-page\" data-elementor-id=\"2777\" class=\"elementor elementor-2777\" data-elementor-post-type=\"page\">\n\t\t\t\t<div class=\"elementor-element elementor-element-002fafb e-flex e-con-boxed e-con e-parent\" data-id=\"002fafb\" data-element_type=\"container\" data-e-type=\"container\" data-settings=\"{&quot;background_background&quot;:&quot;classic&quot;,&quot;jet_parallax_layout_list&quot;:[]}\">\n\t\t\t\t\t<div class=\"e-con-inner\">\n\t\t\t\t<div class=\"elementor-element elementor-element-acf90c6 elementor-widget elementor-widget-heading\" data-id=\"acf90c6\" data-element_type=\"widget\" data-e-type=\"widget\" data-widget_type=\"heading.default\">\n\t\t\t\t<div class=\"elementor-widget-container\">\n\t\t\t\t\t<h1 class=\"elementor-heading-title elementor-size-default\">Canal Confidencial <\/h1>\t\t\t\t<\/div>\n\t\t\t\t<\/div>\n\t\t\t\t<div class=\"elementor-element elementor-element-c3c3aad elementor-widget__width-initial elementor-widget-tablet__width-initial elementor-widget elementor-widget-heading\" data-id=\"c3c3aad\" data-element_type=\"widget\" data-e-type=\"widget\" data-widget_type=\"heading.default\">\n\t\t\t\t<div class=\"elementor-widget-container\">\n\t\t\t\t\t<h2 class=\"elementor-heading-title elementor-size-default\">\u00c9tica e transpar\u00eancia s\u00e3o uns dos pilares que sustentam os valores da associa\u00e7\u00e3o Alian\u00e7a de Miseric\u00f3rdia.<\/h2>\t\t\t\t<\/div>\n\t\t\t\t<\/div>\n\t\t\t\t\t<\/div>\n\t\t\t\t<\/div>\n\t\t<div class=\"elementor-element elementor-element-0dafe0c e-flex e-con-boxed e-con e-parent\" data-id=\"0dafe0c\" data-element_type=\"container\" data-e-type=\"container\" data-settings=\"{&quot;background_background&quot;:&quot;classic&quot;,&quot;jet_parallax_layout_list&quot;:[]}\">\n\t\t\t\t\t<div class=\"e-con-inner\">\n\t\t<div class=\"elementor-element elementor-element-9b4ce48 e-con-full e-flex e-con e-child\" data-id=\"9b4ce48\" data-element_type=\"container\" data-e-type=\"container\" data-settings=\"{&quot;background_background&quot;:&quot;gradient&quot;,&quot;jet_parallax_layout_list&quot;:[]}\">\n\t\t\t\t<div class=\"elementor-element elementor-element-b60b0ca elementor-align-center elementor-widget elementor-widget-button\" data-id=\"b60b0ca\" data-element_type=\"widget\" data-e-type=\"widget\" data-widget_type=\"button.default\">\n\t\t\t\t<div class=\"elementor-widget-container\">\n\t\t\t\t\t\t\t\t\t<div class=\"elementor-button-wrapper\">\n\t\t\t\t\t<a class=\"elementor-button elementor-button-link elementor-size-sm\" href=\"#\">\n\t\t\t\t\t\t<span class=\"elementor-button-content-wrapper\">\n\t\t\t\t\t\t<span class=\"elementor-button-icon\">\n\t\t\t\t<svg xmlns=\"http:\/\/www.w3.org\/2000\/svg\" width=\"208\" height=\"208\" viewBox=\"0 0 26 26\"><path fill=\"none\" stroke=\"#EB6515\" stroke-linecap=\"round\" stroke-linejoin=\"round\" stroke-width=\"2\" d=\"M17.869,4.889c-2.657,0-4.872,3.063-4.872,3.063s-2.21-3.063-4.865-3.063C5.115,4.889,3,6.878,3,10.009 c0,5.243,6.382,7.854,9.97,12.103h0.058C16.618,17.863,23,15.252,23,10.009C23,6.878,20.883,4.889,17.869,4.889z\"><\/path><\/svg>\t\t\t<\/span>\n\t\t\t\t\t\t\t\t\t<span class=\"elementor-button-text\">Canal confidencial<\/span>\n\t\t\t\t\t<\/span>\n\t\t\t\t\t<\/a>\n\t\t\t\t<\/div>\n\t\t\t\t\t\t\t\t<\/div>\n\t\t\t\t<\/div>\n\t\t\t\t<div class=\"elementor-element elementor-element-34eecc5 elementor-widget elementor-widget-heading\" data-id=\"34eecc5\" data-element_type=\"widget\" data-e-type=\"widget\" data-widget_type=\"heading.default\">\n\t\t\t\t<div class=\"elementor-widget-container\">\n\t\t\t\t\t<h2 class=\"elementor-heading-title elementor-size-default\">Canal de Relacionamento \u00c9tico - Sua voz \u00e9 importante!<\/h2>\t\t\t\t<\/div>\n\t\t\t\t<\/div>\n\t\t\t\t<div class=\"elementor-element elementor-element-3fc25b4 elementor-widget elementor-widget-text-editor\" data-id=\"3fc25b4\" data-element_type=\"widget\" data-e-type=\"widget\" data-widget_type=\"text-editor.default\">\n\t\t\t\t<div class=\"elementor-widget-container\">\n\t\t\t\t\t\t\t\t\t<p>Na nossa entidade, a transpar\u00eancia e a \u00e9tica s\u00e3o valores fundamentais que norteiam todas as nossas a\u00e7\u00f5es. Em parceria com a OUVIDOR DIGITAL, oferecemos um ambiente seguro para den\u00fancias, relato de situa\u00e7\u00f5es de viol\u00eancia \u00e9tica ou comportamentos inadequados, onde a integridade \u00e9 primordial.<\/p><p>A OUVIDOR DIGITAL realiza o pr\u00e9-tratamento das den\u00fancias, garantindo a confidencialidade e seguran\u00e7a dos relatos em uma plataforma externa.<\/p><p>Entendemos a import\u00e2ncia de ouvir e agir diante de quaisquer irregularidades, e \u00e9 por isso que encorajamos a todos a utilizarem esse canal para contribuir com a manuten\u00e7\u00e3o de um ambiente saud\u00e1vel e \u00e9tico em nossa entidade.<\/p><p>Para acessar o nosso Canal de Relacionamento \u00c9tico e fazer sua den\u00fancia de forma segura e confidencial, <a style=\"color: #fff; font-weight: 600;\" href=\"http:\/\/canal.ouvidordigital.com.br\/aliancademisericordia\" target=\"_blank\" rel=\"noopener\">clique aqui<\/a> ou acesse pelo WhatsApp <a style=\"color: #fff; font-weight: 600;\" href=\" https:\/\/api.whatsapp.com\/send\/?phone=553189477889\" target=\"_blank\" rel=\"noopener\">(31) 8947-7889.<\/a><\/p><p>Contamos com a sua colabora\u00e7\u00e3o para juntos construirmos uma comunidade mais \u00e9tica e transparente. Sua participa\u00e7\u00e3o \u00e9 fundamental!<\/p>\t\t\t\t\t\t\t\t<\/div>\n\t\t\t\t<\/div>\n\t\t\t\t<\/div>\n\t\t\t\t\t<\/div>\n\t\t\t\t<\/div>\n\t\t<div class=\"elementor-element elementor-element-908fad5 e-flex e-con-boxed e-con e-parent\" data-id=\"908fad5\" data-element_type=\"container\" data-e-type=\"container\" id=\"form-canal-confdencial\" data-settings=\"{&quot;jet_parallax_layout_list&quot;:[]}\">\n\t\t\t\t\t<div class=\"e-con-inner\">\n\t\t<div class=\"elementor-element elementor-element-2242b71 e-con-full e-flex e-con e-child\" data-id=\"2242b71\" data-element_type=\"container\" data-e-type=\"container\" data-settings=\"{&quot;background_background&quot;:&quot;classic&quot;,&quot;jet_parallax_layout_list&quot;:[]}\">\n\t\t\t\t<div class=\"elementor-element elementor-element-2108201 elementor-widget__width-inherit elementor-widget-mobile__width-inherit elementor-widget elementor-widget-heading\" data-id=\"2108201\" data-element_type=\"widget\" data-e-type=\"widget\" data-widget_type=\"heading.default\">\n\t\t\t\t<div class=\"elementor-widget-container\">\n\t\t\t\t\t<h2 class=\"elementor-heading-title elementor-size-default\">Voc\u00ea pode fazer um registro an\u00f4nimo ou identificado.\n\n<\/h2>\t\t\t\t<\/div>\n\t\t\t\t<\/div>\n\t\t\t\t<div class=\"elementor-element elementor-element-5e907a3 elementor-widget elementor-widget-text-editor\" data-id=\"5e907a3\" data-element_type=\"widget\" data-e-type=\"widget\" data-widget_type=\"text-editor.default\">\n\t\t\t\t<div class=\"elementor-widget-container\">\n\t\t\t\t\t\t\t\t\t<p>Se voc\u00ea concordar em se identificar, voc\u00ea ser\u00e1 contatado para esclarecimento de poss\u00edveis d\u00favidas sobre o relato fornecido. Lembrando que a veracidade das informa\u00e7\u00f5es relatadas \u00e9 de responsabilidade do relator.<br \/><br \/>Apura\u00e7\u00f5es identificadas s\u00e3o muito importantes para um processo de averigua\u00e7\u00e3o r\u00e1pido e objetivo. Todas as informa\u00e7\u00f5es s\u00e3o tratadas de forma sigilosa e sua identidade estar\u00e1 protegida. <\/p>\t\t\t\t\t\t\t\t<\/div>\n\t\t\t\t<\/div>\n\t\t\t\t<div class=\"elementor-element elementor-element-914661b elementor-widget elementor-widget-text-editor\" data-id=\"914661b\" data-element_type=\"widget\" data-e-type=\"widget\" data-widget_type=\"text-editor.default\">\n\t\t\t\t<div class=\"elementor-widget-container\">\n\t\t\t\t\t\t\t\t\t<p>Para fazer um registro identificado, preencha o campo email. Se deseja fazer um registro an\u00f4nimo, deixe o campo email em branco<\/p>\t\t\t\t\t\t\t\t<\/div>\n\t\t\t\t<\/div>\n\t\t\t\t<\/div>\n\t\t<div class=\"elementor-element elementor-element-f2e1028 e-con-full e-flex e-con e-child\" data-id=\"f2e1028\" data-element_type=\"container\" data-e-type=\"container\" data-settings=\"{&quot;jet_parallax_layout_list&quot;:[]}\">\n\t\t\t\t<div class=\"elementor-element elementor-element-6384a27 elementor-widget elementor-widget-heading\" data-id=\"6384a27\" data-element_type=\"widget\" data-e-type=\"widget\" data-widget_type=\"heading.default\">\n\t\t\t\t<div class=\"elementor-widget-container\">\n\t\t\t\t\t<h2 class=\"elementor-heading-title elementor-size-default\">Fa\u00e7a seu registro<\/h2>\t\t\t\t<\/div>\n\t\t\t\t<\/div>\n\t\t\t\t<div class=\"elementor-element elementor-element-cd7cd0b elementor-button-align-center elementor-widget__width-initial elementor-widget-mobile__width-inherit elementor-widget elementor-widget-form\" data-id=\"cd7cd0b\" data-element_type=\"widget\" data-e-type=\"widget\" data-settings=\"{&quot;button_width&quot;:&quot;40&quot;,&quot;step_next_label&quot;:&quot;Pr\\u00f3ximo&quot;,&quot;step_previous_label&quot;:&quot;Anterior&quot;,&quot;button_width_tablet&quot;:&quot;100&quot;,&quot;step_type&quot;:&quot;number_text&quot;,&quot;step_icon_shape&quot;:&quot;circle&quot;}\" data-widget_type=\"form.default\">\n\t\t\t\t<div class=\"elementor-widget-container\">\n\t\t\t\t\t\t\t<form class=\"elementor-form\" method=\"post\" name=\"Formulario Registro\" aria-label=\"Formulario Registro\">\n\t\t\t<input type=\"hidden\" name=\"post_id\" value=\"2777\"\/>\n\t\t\t<input type=\"hidden\" name=\"form_id\" value=\"cd7cd0b\"\/>\n\t\t\t<input type=\"hidden\" name=\"referer_title\" value=\"Canal Confidencial\" \/>\n\n\t\t\t\t\t\t\t<input type=\"hidden\" name=\"queried_id\" value=\"2777\"\/>\n\t\t\t\n\t\t\t<div class=\"elementor-form-fields-wrapper elementor-labels-\">\n\t\t\t\t\t\t\t\t<div class=\"elementor-field-type-email elementor-field-group elementor-column elementor-field-group-email elementor-col-100\">\n\t\t\t\t\t\t\t\t\t\t\t\t<label for=\"form-field-email\" class=\"elementor-field-label elementor-screen-only\">\n\t\t\t\t\t\t\t\tInforme seu e-mail aqui (opcional)\t\t\t\t\t\t\t<\/label>\n\t\t\t\t\t\t\t\t\t\t\t\t\t\t<input size=\"1\" type=\"email\" name=\"form_fields[email]\" id=\"form-field-email\" class=\"elementor-field elementor-size-sm  elementor-field-textual\" placeholder=\"Informe seu e-mail aqui (opcional)\">\n\t\t\t\t\t\t\t\t\t\t\t<\/div>\n\t\t\t\t\t\t\t\t<div class=\"elementor-field-type-text elementor-field-group elementor-column elementor-field-group-field_9fd39fc elementor-col-100\">\n\t\t\t\t\t\t\t\t\t\t\t\t<label for=\"form-field-field_9fd39fc\" class=\"elementor-field-label elementor-screen-only\">\n\t\t\t\t\t\t\t\tAdicionar um assunto\t\t\t\t\t\t\t<\/label>\n\t\t\t\t\t\t\t\t\t\t\t\t\t\t<input size=\"1\" type=\"text\" name=\"form_fields[field_9fd39fc]\" id=\"form-field-field_9fd39fc\" class=\"elementor-field elementor-size-sm  elementor-field-textual\" placeholder=\"Adicionar um assunto\">\n\t\t\t\t\t\t\t\t\t\t\t<\/div>\n\t\t\t\t\t\t\t\t<div class=\"elementor-field-type-html elementor-field-group elementor-column elementor-field-group-field_508c170 elementor-col-100\">\n\t\t\t\t\t<div style=\"margin-bottom:0px\">Rela\u00e7\u00e3o com a associa\u00e7\u00e3o<\/div>\t\t\t\t<\/div>\n\t\t\t\t\t\t\t\t<div class=\"elementor-field-type-select elementor-field-group elementor-column elementor-field-group-name elementor-col-100 elementor-field-required\">\n\t\t\t\t\t\t\t\t\t\t\t\t<label for=\"form-field-name\" class=\"elementor-field-label elementor-screen-only\">\n\t\t\t\t\t\t\t\tRela\u00e7\u00e3o com a associa\u00e7\u00e3o\t\t\t\t\t\t\t<\/label>\n\t\t\t\t\t\t\t\t<div class=\"elementor-field elementor-select-wrapper remove-before \">\n\t\t\t<div class=\"select-caret-down-wrapper\">\n\t\t\t\t<svg aria-hidden=\"true\" class=\"e-font-icon-svg e-eicon-caret-down\" viewBox=\"0 0 571.4 571.4\" xmlns=\"http:\/\/www.w3.org\/2000\/svg\"><path d=\"M571 393Q571 407 561 418L311 668Q300 679 286 679T261 668L11 418Q0 407 0 393T11 368 36 357H536Q550 357 561 368T571 393Z\"><\/path><\/svg>\t\t\t<\/div>\n\t\t\t<select name=\"form_fields[name]\" id=\"form-field-name\" class=\"elementor-field-textual elementor-size-sm\" required=\"required\">\n\t\t\t\t\t\t\t\t\t<option value=\"Colaborador\">Colaborador<\/option>\n\t\t\t\t\t\t\t\t\t<option value=\"Fornecedor\">Fornecedor<\/option>\n\t\t\t\t\t\t\t\t\t<option value=\"Cliente\">Cliente<\/option>\n\t\t\t\t\t\t\t\t\t<option value=\"Outro\">Outro<\/option>\n\t\t\t\t\t\t\t<\/select>\n\t\t<\/div>\n\t\t\t\t\t\t<\/div>\n\t\t\t\t\t\t\t\t<div class=\"elementor-field-type-textarea elementor-field-group elementor-column elementor-field-group-message elementor-col-100\">\n\t\t\t\t\t\t\t\t\t\t\t\t<label for=\"form-field-message\" class=\"elementor-field-label elementor-screen-only\">\n\t\t\t\t\t\t\t\tDescreva o incidente ou anexe algum arquivo\t\t\t\t\t\t\t<\/label>\n\t\t\t\t\t\t<textarea class=\"elementor-field-textual elementor-field  elementor-size-sm\" name=\"form_fields[message]\" id=\"form-field-message\" rows=\"4\" placeholder=\"Descreva o incidente ou anexe algum arquivo\"><\/textarea>\t\t\t\t<\/div>\n\t\t\t\t\t\t\t\t<div class=\"elementor-field-type-upload elementor-field-group elementor-column elementor-field-group-field_967e8ed elementor-col-100\">\n\t\t\t\t\t\t\t<input type=\"file\" name=\"form_fields[field_967e8ed]\" id=\"form-field-field_967e8ed\" class=\"elementor-field elementor-size-sm  elementor-upload-field\">\n\n\t\t\t\t\t\t<\/div>\n\t\t\t\t\t\t\t\t<div class=\"elementor-field-type-acceptance elementor-field-group elementor-column elementor-field-group-field_ac3e594 elementor-col-60 elementor-md-100 elementor-field-required\">\n\t\t\t\t\t\t\t\t\t\t\t\t<label for=\"form-field-field_ac3e594\" class=\"elementor-field-label elementor-screen-only\">\n\t\t\t\t\t\t\t\tConcordo com os termos de uso\t\t\t\t\t\t\t<\/label>\n\t\t\t\t\t\t\t\t<div class=\"elementor-field-subgroup\">\n\t\t\t<span class=\"elementor-field-option\">\n\t\t\t\t<input type=\"checkbox\" name=\"form_fields[field_ac3e594]\" id=\"form-field-field_ac3e594\" class=\"elementor-field elementor-size-sm  elementor-acceptance-field\" required=\"required\" checked=\"checked\">\n\t\t\t\t<label for=\"form-field-field_ac3e594\">Concordo com os <a target=\"_blank\" href=\"https:\/\/aliancasocial.org\/termos-de-uso\/\">Termos de Uso<\/a><\/label>\t\t\t<\/span>\n\t\t<\/div>\n\t\t\t\t\t\t<\/div>\n\t\t\t\t\t\t\t\t<div class=\"elementor-field-group elementor-column elementor-field-type-submit elementor-col-40 e-form__buttons elementor-md-100\">\n\t\t\t\t\t<button class=\"elementor-button elementor-size-sm\" type=\"submit\">\n\t\t\t\t\t\t<span class=\"elementor-button-content-wrapper\">\n\t\t\t\t\t\t\t\t\t\t\t\t\t\t\t\t\t\t\t\t\t\t<span class=\"elementor-button-text\">Enviar<\/span>\n\t\t\t\t\t\t\t\t\t\t\t\t\t<\/span>\n\t\t\t\t\t<\/button>\n\t\t\t\t<\/div>\n\t\t\t<\/div>\n\t\t<\/form>\n\t\t\t\t\t\t<\/div>\n\t\t\t\t<\/div>\n\t\t\t\t<\/div>\n\t\t\t\t\t<\/div>\n\t\t\t\t<\/div>\n\t\t\t\t<\/div>\n\t\t","protected":false},"excerpt":{"rendered":"<p>Canal Confidencial \u00c9tica e transpar\u00eancia s\u00e3o uns dos pilares que sustentam os valores da associa\u00e7\u00e3o Alian\u00e7a de Miseric\u00f3rdia. Canal confidencial Canal de Relacionamento \u00c9tico &#8211; Sua voz \u00e9 importante! Na nossa entidade, a transpar\u00eancia e a \u00e9tica s\u00e3o valores fundamentais que norteiam todas as nossas a\u00e7\u00f5es. Em parceria com a OUVIDOR DIGITAL, oferecemos um ambiente [&hellip;]<\/p>\n","protected":false},"author":3,"featured_media":0,"parent":88,"menu_order":0,"comment_status":"closed","ping_status":"closed","template":"","meta":{"footnotes":""},"class_list":["post-2777","page","type-page","status-publish","hentry"],"yoast_head":"<!-- This site is optimized with the Yoast SEO plugin v27.0 - https:\/\/yoast.com\/product\/yoast-seo-wordpress\/ -->\n<title>Canal Confidencial<\/title>\n<meta name=\"description\" content=\"Esse \u00e9 um canal confidencial. \u00c9tica e transpar\u00eancia s\u00e3o uns dos pilares que sustentam os valores da associa\u00e7\u00e3o Alian\u00e7a de Miseric\u00f3rdia.\" \/>\n<meta name=\"robots\" content=\"index, follow, max-snippet:-1, max-image-preview:large, max-video-preview:-1\" \/>\n<link rel=\"canonical\" href=\"https:\/\/aliancasocial.org\/en\/transparencia\/canal-confidencial\/\" \/>\n<meta property=\"og:locale\" content=\"en_US\" \/>\n<meta property=\"og:type\" content=\"article\" \/>\n<meta property=\"og:title\" content=\"Canal Confidencial\" \/>\n<meta property=\"og:description\" content=\"Esse \u00e9 um canal confidencial. \u00c9tica e transpar\u00eancia s\u00e3o uns dos pilares que sustentam os valores da associa\u00e7\u00e3o Alian\u00e7a de Miseric\u00f3rdia.\" \/>\n<meta property=\"og:url\" content=\"https:\/\/aliancasocial.org\/en\/transparencia\/canal-confidencial\/\" \/>\n<meta property=\"og:site_name\" content=\"Alian\u00e7a de Miseric\u00f3rdia\" \/>\n<meta property=\"article:modified_time\" content=\"2024-04-11T16:57:23+00:00\" \/>\n<meta name=\"twitter:card\" content=\"summary_large_image\" \/>\n<meta name=\"twitter:label1\" content=\"Est. reading time\" \/>\n\t<meta name=\"twitter:data1\" content=\"2 minutes\" \/>\n<script type=\"application\/ld+json\" class=\"yoast-schema-graph\">{\"@context\":\"https:\/\/schema.org\",\"@graph\":[{\"@type\":\"WebPage\",\"@id\":\"https:\/\/aliancasocial.org\/transparencia\/canal-confidencial\/\",\"url\":\"https:\/\/aliancasocial.org\/transparencia\/canal-confidencial\/\",\"name\":\"Canal Confidencial\",\"isPartOf\":{\"@id\":\"https:\/\/aliancasocial.org\/#website\"},\"datePublished\":\"2022-07-10T16:43:39+00:00\",\"dateModified\":\"2024-04-11T16:57:23+00:00\",\"description\":\"Esse \u00e9 um canal confidencial. \u00c9tica e transpar\u00eancia s\u00e3o uns dos pilares que sustentam os valores da associa\u00e7\u00e3o Alian\u00e7a de Miseric\u00f3rdia.\",\"breadcrumb\":{\"@id\":\"https:\/\/aliancasocial.org\/transparencia\/canal-confidencial\/#breadcrumb\"},\"inLanguage\":\"en-US\",\"potentialAction\":[{\"@type\":\"ReadAction\",\"target\":[\"https:\/\/aliancasocial.org\/transparencia\/canal-confidencial\/\"]}]},{\"@type\":\"BreadcrumbList\",\"@id\":\"https:\/\/aliancasocial.org\/transparencia\/canal-confidencial\/#breadcrumb\",\"itemListElement\":[{\"@type\":\"ListItem\",\"position\":1,\"name\":\"In\u00edcio\",\"item\":\"https:\/\/aliancasocial.org\/en\/\"},{\"@type\":\"ListItem\",\"position\":2,\"name\":\"Transpar\u00eancia\",\"item\":\"https:\/\/aliancasocial.org\/transparencia\/\"},{\"@type\":\"ListItem\",\"position\":3,\"name\":\"Canal Confidencial\"}]},{\"@type\":\"WebSite\",\"@id\":\"https:\/\/aliancasocial.org\/#website\",\"url\":\"https:\/\/aliancasocial.org\/\",\"name\":\"Alian\u00e7a de Miseric\u00f3rdia\",\"description\":\"Levando dignidade humana a todos os cantos do mundo\",\"potentialAction\":[{\"@type\":\"SearchAction\",\"target\":{\"@type\":\"EntryPoint\",\"urlTemplate\":\"https:\/\/aliancasocial.org\/?s={search_term_string}\"},\"query-input\":{\"@type\":\"PropertyValueSpecification\",\"valueRequired\":true,\"valueName\":\"search_term_string\"}}],\"inLanguage\":\"en-US\"}]}<\/script>\n<!-- \/ Yoast SEO plugin. -->","yoast_head_json":{"title":"Confidential Channel","description":"This is a confidential channel. Ethics and transparency are among the pillars that underpin the values of the Alian\u00e7a de Miseric\u00f3rdia association.","robots":{"index":"index","follow":"follow","max-snippet":"max-snippet:-1","max-image-preview":"max-image-preview:large","max-video-preview":"max-video-preview:-1"},"canonical":"https:\/\/aliancasocial.org\/en\/transparencia\/canal-confidencial\/","og_locale":"en_US","og_type":"article","og_title":"Canal Confidencial","og_description":"Esse \u00e9 um canal confidencial. \u00c9tica e transpar\u00eancia s\u00e3o uns dos pilares que sustentam os valores da associa\u00e7\u00e3o Alian\u00e7a de Miseric\u00f3rdia.","og_url":"https:\/\/aliancasocial.org\/en\/transparencia\/canal-confidencial\/","og_site_name":"Alian\u00e7a de Miseric\u00f3rdia","article_modified_time":"2024-04-11T16:57:23+00:00","twitter_card":"summary_large_image","twitter_misc":{"Est. reading time":"2 minutes"},"schema":{"@context":"https:\/\/schema.org","@graph":[{"@type":"WebPage","@id":"https:\/\/aliancasocial.org\/transparencia\/canal-confidencial\/","url":"https:\/\/aliancasocial.org\/transparencia\/canal-confidencial\/","name":"Confidential Channel","isPartOf":{"@id":"https:\/\/aliancasocial.org\/#website"},"datePublished":"2022-07-10T16:43:39+00:00","dateModified":"2024-04-11T16:57:23+00:00","description":"This is a confidential channel. Ethics and transparency are among the pillars that underpin the values of the Alian\u00e7a de Miseric\u00f3rdia association.","breadcrumb":{"@id":"https:\/\/aliancasocial.org\/transparencia\/canal-confidencial\/#breadcrumb"},"inLanguage":"en-US","potentialAction":[{"@type":"ReadAction","target":["https:\/\/aliancasocial.org\/transparencia\/canal-confidencial\/"]}]},{"@type":"BreadcrumbList","@id":"https:\/\/aliancasocial.org\/transparencia\/canal-confidencial\/#breadcrumb","itemListElement":[{"@type":"ListItem","position":1,"name":"In\u00edcio","item":"https:\/\/aliancasocial.org\/en\/"},{"@type":"ListItem","position":2,"name":"Transpar\u00eancia","item":"https:\/\/aliancasocial.org\/transparencia\/"},{"@type":"ListItem","position":3,"name":"Canal Confidencial"}]},{"@type":"WebSite","@id":"https:\/\/aliancasocial.org\/#website","url":"https:\/\/aliancasocial.org\/","name":"Covenant of Mercy","description":"Bringing human dignity to every corner of the world","potentialAction":[{"@type":"SearchAction","target":{"@type":"EntryPoint","urlTemplate":"https:\/\/aliancasocial.org\/?s={search_term_string}"},"query-input":{"@type":"PropertyValueSpecification","valueRequired":true,"valueName":"search_term_string"}}],"inLanguage":"en-US"}]}},"_links":{"self":[{"href":"https:\/\/aliancasocial.org\/en\/wp-json\/wp\/v2\/pages\/2777","targetHints":{"allow":["GET"]}}],"collection":[{"href":"https:\/\/aliancasocial.org\/en\/wp-json\/wp\/v2\/pages"}],"about":[{"href":"https:\/\/aliancasocial.org\/en\/wp-json\/wp\/v2\/types\/page"}],"author":[{"embeddable":true,"href":"https:\/\/aliancasocial.org\/en\/wp-json\/wp\/v2\/users\/3"}],"replies":[{"embeddable":true,"href":"https:\/\/aliancasocial.org\/en\/wp-json\/wp\/v2\/comments?post=2777"}],"version-history":[{"count":0,"href":"https:\/\/aliancasocial.org\/en\/wp-json\/wp\/v2\/pages\/2777\/revisions"}],"up":[{"embeddable":true,"href":"https:\/\/aliancasocial.org\/en\/wp-json\/wp\/v2\/pages\/88"}],"wp:attachment":[{"href":"https:\/\/aliancasocial.org\/en\/wp-json\/wp\/v2\/media?parent=2777"}],"curies":[{"name":"wp","href":"https:\/\/api.w.org\/{rel}","templated":true}]}}