{"id":3040,"date":"2022-07-13T03:30:35","date_gmt":"2022-07-13T03:30:35","guid":{"rendered":"https:\/\/aliancasocial.org\/?page_id=3040"},"modified":"2022-08-11T17:10:49","modified_gmt":"2022-08-11T17:10:49","slug":"termos-de-uso","status":"publish","type":"page","link":"https:\/\/aliancasocial.org\/en\/termos-de-uso\/","title":{"rendered":"Terms of use"},"content":{"rendered":"<div data-elementor-type=\"wp-page\" data-elementor-id=\"3040\" class=\"elementor elementor-3040\" data-elementor-post-type=\"page\">\n\t\t\t\t<div class=\"elementor-element elementor-element-0cb2841 e-flex e-con-boxed e-con e-parent\" data-id=\"0cb2841\" data-element_type=\"container\" data-e-type=\"container\" data-settings=\"{&quot;jet_parallax_layout_list&quot;:[]}\">\n\t\t\t\t\t<div class=\"e-con-inner\">\n\t\t\t\t\t<\/div>\n\t\t\t\t<\/div>\n\t\t<div class=\"elementor-element elementor-element-408e80b e-flex e-con-boxed e-con e-parent\" data-id=\"408e80b\" data-element_type=\"container\" data-e-type=\"container\" data-settings=\"{&quot;jet_parallax_layout_list&quot;:[]}\">\n\t\t\t\t\t<div class=\"e-con-inner\">\n\t\t\t\t<div class=\"elementor-element elementor-element-91d9755 elementor-widget elementor-widget-text-editor\" data-id=\"91d9755\" data-element_type=\"widget\" data-e-type=\"widget\" data-widget_type=\"text-editor.default\">\n\t\t\t\t<div class=\"elementor-widget-container\">\n\t\t\t\t\t\t\t\t\t<p style=\"text-align: left;\"><b>CONFIDENTIAL CHANNEL TERMS OF USE&nbsp;<br><br><\/b><\/p>\n<p><\/p>\n<ul style=\"text-align: left;\">\n<li aria-level=\"1\">\n<p><b>INTRODUCTION<br><br><\/b><\/p>\n<\/li>\n<\/ul>\n<p style=\"text-align: left;\"><span style=\"font-weight: 400;\">These Terms of Use (\u201cTerms of Use\u201d or \u201cTerms\u201d) govern the relationship between you (\u201cManifest\u201d) and Associa\u00e7\u00e3o Alian\u00e7a de Miseric\u00f3rdia (\u201cAlian\u00e7a\u201d or \u201cus\u201d), a civil society organization, under CNPJ n\u00ba 04.186.468\/0001-73, with regard to the use, of any nature and\/or form, of the website www.aliancasocial.org and contact channels related to the Whistleblowing Channel (\u201cWhistleblower Channel\u201d or \u201cChannel\u201d) .<\/span><\/p>\n<p style=\"text-align: left;\"><span style=\"font-weight: 400;\">These Terms must be read in conjunction with the website&#039;s Privacy Policy (\u201cPrivacy Policy\u201d or \u201cPolicy\u201d), which is available at www.aliancasocial.org\/canalconfidencial. This is because, for you to access and use the Reporting Channel (as will be detailed below), Alian\u00e7a may carry out activities of processing personal data, which are described in the Policy.<\/span><\/p>\n<p style=\"text-align: left;\"><span style=\"font-weight: 400;\">If you do not agree with any of the provisions of these Terms, we ask that you do not use the Reporting Channel. The use of the Denouncement Channel, in whole or in part, implies immediate acceptance of these Terms. In addition, you cannot excuse yourself from the Terms by claiming ignorance of their conditions, including any changes to their provisions. For these reasons, we recommend that you read them carefully.<br><br><\/span><\/p>\n<p style=\"text-align: left;\">\n<\/p><ul style=\"text-align: left;\">\n<li aria-level=\"1\">\n<p><b>COMPLAINT CHANNEL DESCRIPTION AND PURPOSE<br><br><\/b><\/p>\n<\/li>\n<\/ul>\n<p style=\"text-align: left;\"><span style=\"font-weight: 400;\">This is an exclusive channel of Alian\u00e7a for safe and, if desired, anonymous communication of conduct considered inappropriate or that violate ethical principles and standards of conduct and\/or current legislation, for capturing and recording manifestations related to the compliance of Alian\u00e7a&#039;s activities .<\/span><\/p>\n<p style=\"text-align: left;\"><span style=\"font-weight: 400;\">Thus, the Denouncement Channel allows you to present your concerns, complaints or denouncements in relation to the activities carried out by Alian\u00e7a employees in the exercise of their work duties.<br><br><\/span><\/p>\n<p style=\"text-align: left;\">\n<\/p><ul style=\"text-align: left;\">\n<li aria-level=\"1\">\n<p><b>TO REGISTER A REPORT<br><br><\/b><\/p>\n<\/li>\n<\/ul>\n<p style=\"text-align: left;\"><span style=\"font-weight: 400;\">To use the Reporting Channel, the Protestant must be connected to the internet and access the website www.aliancasocial.org. The Channel allows the registration of reports on improper conduct, non-compliance with the Code of Conduct and Relationship, as well as the Bylaws, the Internal Regulations, the policies, management guidelines of the Cooperative, the rules or laws that govern our activities, which must be registered.<\/span><\/p>\n<p style=\"text-align: left;\"><span style=\"font-weight: 400;\">It is possible for the manifestation to be registered anonymously, in which no personal data identifying the Manifest will be requested, or in an identified form, in which his personal data will be requested. In all situations, the information you send us will be treated in an absolutely confidential manner and security measures will be applied in the verification of the facts.<\/span><\/p>\n<p style=\"text-align: left;\"><span style=\"font-weight: 400;\">During registration, the Manifestation must describe the reasons and suspicions that led him to the Channel, including a description of the situation, the people and witnesses involved, the date of occurrence (be it past, present or future), the place, the cause or reason, as well as possible evidence related to the specific case, such as images, videos, voice recordings or documents (if any). Evidence can be attached by you, in the appropriate place, as indicated on the website.<\/span><\/p>\n<p style=\"text-align: left;\"><span style=\"font-weight: 400;\">Then, the complaint will be analyzed and classified, and Alian\u00e7a will verify the origin of the information provided by the Complainant, adopting, whenever necessary, corrective and disciplinary measures, referring to the identified irregularities.<br><br><\/span><\/p>\n<p style=\"text-align: left;\">\n<\/p><ul style=\"text-align: left;\">\n<li aria-level=\"1\">\n<p><b>CHANNEL ACCESS AND USE<br><br><\/b><\/p>\n<\/li>\n<\/ul>\n<p style=\"text-align: left;\"><span style=\"font-weight: 400;\">By accessing the website and using the Denouncement Channel, the Manifest immediately expresses his full and unreserved acceptance of the Terms of Use. Likewise, the Manifest undertakes to observe and respect the laws and contracts in force, using the Channel only for lawful purposes and respecting any rights of third parties.<\/span><\/p>\n<p style=\"text-align: left;\"><span style=\"font-weight: 400;\">The content of reports and statements filled in and sent through the Reporting Channel is the sole and exclusive responsibility of the Manifestation. Alian\u00e7a is not responsible for any damage resulting from reports registered by third parties.<br><br><\/span><\/p>\n<p style=\"text-align: left;\">\n<\/p><ul style=\"text-align: left;\">\n<li aria-level=\"1\">\n<p><b>INTELLECTUAL PROPERTY<br><br><\/b><\/p>\n<\/li>\n<\/ul>\n<p style=\"text-align: left;\"><span style=\"font-weight: 400;\">All of Alian\u00e7a&#039;s intellectual property rights are reserved, as well as all trademarks, logos, trade names, layouts, graphics and interface design, images, illustrations, photographs, presentations, videos, sound and audio content, computer programs, database, transmission files and any other information or works protected by applicable law.<\/span><\/p>\n<p style=\"text-align: left;\"><span style=\"font-weight: 400;\">Any acts or contributions tending to modify the characteristics, expansion, alteration or incorporation of any programs to the Alliance&#039;s systems are prohibited. Any and all forms of reproduction of the Denouncement Channel, in whole or in part, permanent, temporary or provisional, free of charge or onerous, under any modalities, forms or titles is expressly prohibited.<br><br><\/span><\/p>\n<ul style=\"text-align: left;\">\n<li aria-level=\"1\">\n<p><b>APPLICABLE LAW AND JURISDICTION<br><br><\/b><\/p>\n<\/li>\n<\/ul>\n<p style=\"text-align: left;\"><span style=\"font-weight: 400;\">The Manifest agrees with the application of Brazilian laws to any dispute related to these Terms. The Manifest also agrees with the election of the jurisdiction of the Judicial District of the City of S\u00e3o Paulo, State of S\u00e3o Paulo, to resolve any dispute related to these Terms of Use, expressly waiving any other, however privileged it may be.<br><br><\/span><\/p>\n<p style=\"text-align: left;\"><b>TERMS OF CONSENT - LGPD<br><br><\/b><\/p>\n<p style=\"text-align: left;\"><span style=\"font-weight: 400;\">This document aims to record the free, informed and unequivocal manifestation by which the legal representative or the Holder of Personal Data agrees with the processing of their personal data for a specific purpose, in accordance with Law No. Personal (LGPD).<\/span><\/p>\n<p style=\"text-align: left;\"><span style=\"font-weight: 400;\">The Holder or Legal Representative of the Holder consents and agrees that the&nbsp; <\/span><b>ASSOCIA\u00c7\u00c3O ALLIAN\u00c7A DE MISERIC\u00d3RDIA<\/b><span style=\"font-weight: 400;\">, CNPJ n\u00ba 04.186.468\/0001-73, headquartered in the City of S\u00e3o Paulo, Rua Avanhandava, 616, Bela Vista, CEP 01306-000, telephone +55 (11) 3120-9191, e-mail ouvidoria@aliancasocial.org , hereinafter referred to as Controller, make decisions regarding the treatment of its own personal data or your personal data, in addition to the data of the person for whom it is responsible, as well as carry out the processing of such personal data, involving operations such as those referring to the collection , production, reception, classification, use, access, reproduction, transmission, distribution, processing, archiving, storage, elimination, evaluation or control of information, modification, communication, transfer, diffusion or extraction.<\/span><\/p>\n<p style=\"text-align: left;\"><b><br>PERSONAL DATA COLLECTED<br><br><\/b><\/p>\n<p style=\"text-align: left;\"><span style=\"font-weight: 400;\">The Controller is authorized to make decisions regarding the treatment and to process the following personal data of the Holder:<br><br><\/span><\/p>\n<ul style=\"text-align: left;\">\n<li style=\"font-weight: 400;\" aria-level=\"1\">\n<p><b>Personal data of the demonstrator:<\/b><span style=\"font-weight: 400;\"> email;<br><br><\/span><\/p>\n<\/li>\n<li style=\"font-weight: 400;\" aria-level=\"1\">\n<p><b>Personal data of the accused and third parties:<\/b><span style=\"font-weight: 400;\"> data from the accused and third parties may be collected from the report voluntarily registered by the Manifestation, including data such as name, position and place of work, e-mail. It is also possible that the Manifestation provides other personal data during the description of the incident, as described in the item below.<br><br><\/span><\/p>\n<\/li>\n<li style=\"font-weight: 400;\" aria-level=\"1\">\n<p><b>Information provided in the statement:<\/b><span style=\"font-weight: 400;\"> is information provided by the Manifestation when filling out and registering the report, including the type of manifestation (e.g., referring to abuse of power, physical aggression, sponsorship or favoritism, moral or sexual harassment, destruction, damage or theft of assets, discrimination, use or trafficking of prohibited substances, corruption, financial or accounting fraud, operational fraud, leakage or misuse of information, violation of legal rules, non-compliance with internal policies and procedures), place of manifestation, report and description about the occurrence, relevant evidence and documentation (e.g. images, videos, voice recordings, documents).<\/span><\/p>\n<\/li>\n<\/ul>\n<p style=\"text-align: left;\"><b><br>PURPOSES OF DATA PROCESSING<br><br><\/b><\/p>\n<p style=\"text-align: left;\"><span style=\"font-weight: 400;\">Personal data will be processed for purposes related to the receipt, evaluation and investigation of the complaint, which includes conducting any investigations that prove necessary, according to the content, nature and seriousness of the report, as well as the fulfillment of legal obligations or regulatory and adoption of legal measures, when necessary;<\/span><\/p>\n<p style=\"text-align: left;\"><span style=\"font-weight: 400;\">The processing of the personal data listed in this term has the following purposes:<br><br><\/span><\/p>\n<ul style=\"text-align: left;\">\n<li style=\"font-weight: 400;\" aria-level=\"1\">\n<p><b>Regarding the Manifestation:<\/b><span style=\"font-weight: 400;\"> the treatment aims to allow the identification and contact between Alian\u00e7a and the Manifestation for clarification of doubts, collection of additional information and progress of the investigations of the report. Data may also be processed for compliance with legal or regulatory obligations, regular exercise of rights and statistical analysis (anonymized). Enable fundraising campaigns;<\/span><\/p>\n<\/li>\n<\/ul>\n<ul style=\"text-align: left;\">\n<li style=\"font-weight: 400;\" aria-level=\"1\">\n<p><b>In relation to the accused and third parties:<\/b><span style=\"font-weight: 400;\"> The purpose of the treatment is to verify the reported facts and take action, in accordance with the applicable legislation. The data may also be processed for the purposes of complying with legal or regulatory obligations, regular exercise of rights and statistical analysis (in anonymized form).<br><br><\/span><\/p>\n<\/li>\n<\/ul>\n<p style=\"text-align: left;\"><b>DATA SHARING<br><br><\/b><\/p>\n<p style=\"text-align: left;\"><span style=\"font-weight: 400;\">The Controller is authorized to share the Holder&#039;s personal data with other data processing agents, if necessary for the purposes listed in this term, subject to the principles and guarantees established by Law No. 13,709\/2018.<br><br><\/span><\/p>\n<p style=\"text-align: left;\"><b>DATA SECURITY<br><br><\/b><\/p>\n<p style=\"text-align: left;\"><span style=\"font-weight: 400;\">The Controller is responsible for maintaining security, technical and administrative measures capable of protecting personal data from unauthorized access and accidental or unlawful situations of destruction, loss, alteration, communication or any form of inappropriate or unlawful treatment.<\/span><\/p>\n<p style=\"text-align: left;\"><span style=\"font-weight: 400;\">Pursuant to art. 48 of Law No. 13.709\/2018, the Parent Company will notify the Holder and the National Data Protection Authority (ANPD) of the occurrence of a security incident that may pose a risk or relevant damage to the Holder.<br><br><\/span><\/p>\n<p style=\"text-align: left;\"><b>TERMINATION OF DATA PROCESSING<br><br><\/b><\/p>\n<p style=\"text-align: left;\"><span style=\"font-weight: 400;\">The Controller will be able to keep and process the Holder&#039;s personal data for the entire period in which they are relevant to the scope of the purposes listed in this term. Anonymized personal data, without the possibility of association with the individual, may be kept for an indefinite period.<br><br><\/span><\/p>\n<p style=\"text-align: left;\"><span style=\"font-weight: 400;\">The Holder may request via email or correspondence to the Controller, at any time, that the non-anonymized personal data of the Holder be deleted. The Holder is aware that it may be impracticable for the Controller to continue providing products or services to the Holder after the elimination of personal data.<br><br><\/span><\/p>\n<p style=\"text-align: left;\"><b>HOLDER&#039;S RIGHTS<br><br><\/b><\/p>\n<p style=\"text-align: left;\"><span style=\"font-weight: 400;\">The Holder has the right to obtain from the Controller, in relation to the data processed by him, at any time and upon request: I \u2013 confirmation of the existence of treatment; II \u2013 access to data; III \u2013 correction of incomplete, inaccurate or outdated data; IV \u2013 anonymization, blocking or deletion of data that is unnecessary, excessive or treated in violation of the provisions of Law No. 13,709\/2018; V \u2013 portability of data to another service or product provider, upon express request and observing commercial and industrial secrets, in accordance with the regulation of the controlling body; V \u2013 portability of data to another service or product provider, upon express request, in accordance with the regulations of the national authority, observing commercial and industrial secrets; VI \u2013 deletion of personal data processed with the consent of the holder, except in the hypotheses provided for in art. 16 of Law No. 13,709\/2018; VII \u2013 information from public and private entities with which the controller carried out shared use of data; VIII \u2013 information on the possibility of not providing consent and on the consequences of the refusal; IX \u2013 revocation of consent, pursuant to \u00a7 5 of art. 8 of Law No. 13,709\/2018.<br><br><\/span><\/p>\n<p style=\"text-align: left;\"><b>RIGHT TO REVOK CONSENT<br><br><\/b><\/p>\n<p style=\"text-align: left;\"><span style=\"font-weight: 400;\">This consent may be revoked by the Holder, at any time, upon request via email (ouvidoria@aliancasocial.org) or by correspondence to the Controller, cf. indicated on the first page of this document.<\/span><\/p>\t\t\t\t\t\t\t\t<\/div>\n\t\t\t\t<\/div>\n\t\t\t\t\t<\/div>\n\t\t\t\t<\/div>\n\t\t\t\t<\/div>","protected":false},"excerpt":{"rendered":"<p>TERMOS DE USO DO CANAL CONFIDENCIAL&nbsp; INTRODU\u00c7\u00c3O Estes Termos de Uso (\u201cTermos de Uso\u201d ou \u201cTermos\u201d) regem o relacionamento entre voc\u00ea (\u201cManifestante\u201d) e a Associa\u00e7\u00e3o Alian\u00e7a de Miseric\u00f3rdia (\u201cAlian\u00e7a\u201d ou \u201cn\u00f3s\u201d), organiza\u00e7\u00e3o da sociedade civil, sob o CNPJ n\u00ba 04.186.468\/0001-73, no que se refere ao uso, de qualquer natureza e\/ou forma, do website www.aliancasocial.org e [&hellip;]<\/p>\n","protected":false},"author":3,"featured_media":0,"parent":0,"menu_order":0,"comment_status":"closed","ping_status":"closed","template":"","meta":{"footnotes":""},"class_list":["post-3040","page","type-page","status-publish","hentry"],"yoast_head":"<!-- This site is optimized with the Yoast SEO plugin v27.0 - https:\/\/yoast.com\/product\/yoast-seo-wordpress\/ -->\n<title>Termos de Uso - Alian\u00e7a de Miseric\u00f3rdia<\/title>\n<meta name=\"robots\" content=\"index, follow, max-snippet:-1, max-image-preview:large, max-video-preview:-1\" \/>\n<link rel=\"canonical\" href=\"https:\/\/aliancasocial.org\/en\/termos-de-uso\/\" \/>\n<meta property=\"og:locale\" content=\"en_US\" \/>\n<meta property=\"og:type\" content=\"article\" \/>\n<meta property=\"og:title\" content=\"Termos de Uso - Alian\u00e7a de Miseric\u00f3rdia\" \/>\n<meta property=\"og:description\" content=\"TERMOS DE USO DO CANAL CONFIDENCIAL&nbsp; INTRODU\u00c7\u00c3O Estes Termos de Uso (\u201cTermos de Uso\u201d ou \u201cTermos\u201d) regem o relacionamento entre voc\u00ea (\u201cManifestante\u201d) e a Associa\u00e7\u00e3o Alian\u00e7a de Miseric\u00f3rdia (\u201cAlian\u00e7a\u201d ou \u201cn\u00f3s\u201d), organiza\u00e7\u00e3o da sociedade civil, sob o CNPJ n\u00ba 04.186.468\/0001-73, no que se refere ao uso, de qualquer natureza e\/ou forma, do website www.aliancasocial.org e [&hellip;]\" \/>\n<meta property=\"og:url\" content=\"https:\/\/aliancasocial.org\/en\/termos-de-uso\/\" \/>\n<meta property=\"og:site_name\" content=\"Alian\u00e7a de Miseric\u00f3rdia\" \/>\n<meta property=\"article:modified_time\" content=\"2022-08-11T17:10:49+00:00\" \/>\n<meta name=\"twitter:card\" content=\"summary_large_image\" \/>\n<meta name=\"twitter:label1\" content=\"Est. reading time\" \/>\n\t<meta name=\"twitter:data1\" content=\"10 minutes\" \/>\n<script type=\"application\/ld+json\" class=\"yoast-schema-graph\">{\"@context\":\"https:\/\/schema.org\",\"@graph\":[{\"@type\":\"WebPage\",\"@id\":\"https:\/\/aliancasocial.org\/termos-de-uso\/\",\"url\":\"https:\/\/aliancasocial.org\/termos-de-uso\/\",\"name\":\"Termos de Uso - Alian\u00e7a de Miseric\u00f3rdia\",\"isPartOf\":{\"@id\":\"https:\/\/aliancasocial.org\/#website\"},\"datePublished\":\"2022-07-13T03:30:35+00:00\",\"dateModified\":\"2022-08-11T17:10:49+00:00\",\"breadcrumb\":{\"@id\":\"https:\/\/aliancasocial.org\/termos-de-uso\/#breadcrumb\"},\"inLanguage\":\"en-US\",\"potentialAction\":[{\"@type\":\"ReadAction\",\"target\":[\"https:\/\/aliancasocial.org\/termos-de-uso\/\"]}]},{\"@type\":\"BreadcrumbList\",\"@id\":\"https:\/\/aliancasocial.org\/termos-de-uso\/#breadcrumb\",\"itemListElement\":[{\"@type\":\"ListItem\",\"position\":1,\"name\":\"In\u00edcio\",\"item\":\"https:\/\/aliancasocial.org\/en\/\"},{\"@type\":\"ListItem\",\"position\":2,\"name\":\"Termos de Uso\"}]},{\"@type\":\"WebSite\",\"@id\":\"https:\/\/aliancasocial.org\/#website\",\"url\":\"https:\/\/aliancasocial.org\/\",\"name\":\"Alian\u00e7a de Miseric\u00f3rdia\",\"description\":\"Levando dignidade humana a todos os cantos do mundo\",\"potentialAction\":[{\"@type\":\"SearchAction\",\"target\":{\"@type\":\"EntryPoint\",\"urlTemplate\":\"https:\/\/aliancasocial.org\/?s={search_term_string}\"},\"query-input\":{\"@type\":\"PropertyValueSpecification\",\"valueRequired\":true,\"valueName\":\"search_term_string\"}}],\"inLanguage\":\"en-US\"}]}<\/script>\n<!-- \/ Yoast SEO plugin. -->","yoast_head_json":{"title":"Termos de Uso - Alian\u00e7a de Miseric\u00f3rdia","robots":{"index":"index","follow":"follow","max-snippet":"max-snippet:-1","max-image-preview":"max-image-preview:large","max-video-preview":"max-video-preview:-1"},"canonical":"https:\/\/aliancasocial.org\/en\/termos-de-uso\/","og_locale":"en_US","og_type":"article","og_title":"Termos de Uso - Alian\u00e7a de Miseric\u00f3rdia","og_description":"TERMOS DE USO DO CANAL CONFIDENCIAL&nbsp; INTRODU\u00c7\u00c3O Estes Termos de Uso (\u201cTermos de Uso\u201d ou \u201cTermos\u201d) regem o relacionamento entre voc\u00ea (\u201cManifestante\u201d) e a Associa\u00e7\u00e3o Alian\u00e7a de Miseric\u00f3rdia (\u201cAlian\u00e7a\u201d ou \u201cn\u00f3s\u201d), organiza\u00e7\u00e3o da sociedade civil, sob o CNPJ n\u00ba 04.186.468\/0001-73, no que se refere ao uso, de qualquer natureza e\/ou forma, do website www.aliancasocial.org e [&hellip;]","og_url":"https:\/\/aliancasocial.org\/en\/termos-de-uso\/","og_site_name":"Alian\u00e7a de Miseric\u00f3rdia","article_modified_time":"2022-08-11T17:10:49+00:00","twitter_card":"summary_large_image","twitter_misc":{"Est. reading time":"10 minutes"},"schema":{"@context":"https:\/\/schema.org","@graph":[{"@type":"WebPage","@id":"https:\/\/aliancasocial.org\/termos-de-uso\/","url":"https:\/\/aliancasocial.org\/termos-de-uso\/","name":"Termos de Uso - Alian\u00e7a de Miseric\u00f3rdia","isPartOf":{"@id":"https:\/\/aliancasocial.org\/#website"},"datePublished":"2022-07-13T03:30:35+00:00","dateModified":"2022-08-11T17:10:49+00:00","breadcrumb":{"@id":"https:\/\/aliancasocial.org\/termos-de-uso\/#breadcrumb"},"inLanguage":"en-US","potentialAction":[{"@type":"ReadAction","target":["https:\/\/aliancasocial.org\/termos-de-uso\/"]}]},{"@type":"BreadcrumbList","@id":"https:\/\/aliancasocial.org\/termos-de-uso\/#breadcrumb","itemListElement":[{"@type":"ListItem","position":1,"name":"In\u00edcio","item":"https:\/\/aliancasocial.org\/en\/"},{"@type":"ListItem","position":2,"name":"Termos de Uso"}]},{"@type":"WebSite","@id":"https:\/\/aliancasocial.org\/#website","url":"https:\/\/aliancasocial.org\/","name":"Covenant of Mercy","description":"Bringing human dignity to every corner of the world","potentialAction":[{"@type":"SearchAction","target":{"@type":"EntryPoint","urlTemplate":"https:\/\/aliancasocial.org\/?s={search_term_string}"},"query-input":{"@type":"PropertyValueSpecification","valueRequired":true,"valueName":"search_term_string"}}],"inLanguage":"en-US"}]}},"_links":{"self":[{"href":"https:\/\/aliancasocial.org\/en\/wp-json\/wp\/v2\/pages\/3040","targetHints":{"allow":["GET"]}}],"collection":[{"href":"https:\/\/aliancasocial.org\/en\/wp-json\/wp\/v2\/pages"}],"about":[{"href":"https:\/\/aliancasocial.org\/en\/wp-json\/wp\/v2\/types\/page"}],"author":[{"embeddable":true,"href":"https:\/\/aliancasocial.org\/en\/wp-json\/wp\/v2\/users\/3"}],"replies":[{"embeddable":true,"href":"https:\/\/aliancasocial.org\/en\/wp-json\/wp\/v2\/comments?post=3040"}],"version-history":[{"count":0,"href":"https:\/\/aliancasocial.org\/en\/wp-json\/wp\/v2\/pages\/3040\/revisions"}],"wp:attachment":[{"href":"https:\/\/aliancasocial.org\/en\/wp-json\/wp\/v2\/media?parent=3040"}],"curies":[{"name":"wp","href":"https:\/\/api.w.org\/{rel}","templated":true}]}}